{"id":15,"date":"2016-08-17T15:39:41","date_gmt":"2016-08-17T15:39:41","guid":{"rendered":"http:\/\/romareservatorios.com.br\/site\/?page_id=15"},"modified":"2019-07-25T12:11:53","modified_gmt":"2019-07-25T12:11:53","slug":"bases-para-reservatorios","status":"publish","type":"page","link":"https:\/\/romareservatorios.com.br\/site\/bases-para-reservatorios\/","title":{"rendered":"Bases para Reservat\u00f3rios"},"content":{"rendered":"<div class=\"fusion-fullwidth fullwidth-box fusion-builder-row-1 hundred-percent-fullwidth non-hundred-percent-height-scrolling\" style=\"background-color: rgba(255,255,255,0);background-position: center center;background-repeat: no-repeat;padding-top:0px;padding-right:0px;padding-bottom:0px;padding-left:0px;margin-bottom: 0px;margin-top: 0px;border-width: 0px 0px 0px 0px;border-color:#eae9e9;border-style:solid;\" ><div class=\"fusion-builder-row fusion-row\"><div class=\"fusion-layout-column fusion_builder_column fusion-builder-column-0 fusion_builder_column_1_2 1_2 fusion-one-half fusion-column-first\" style=\"width:48%; margin-right: 4%;margin-top:0px;margin-bottom:20px;\"><div class=\"fusion-column-wrapper fusion-flex-column-wrapper-legacy\" style=\"background-position:left top;background-repeat:no-repeat;-webkit-background-size:cover;-moz-background-size:cover;-o-background-size:cover;background-size:cover;padding: 0px 0px 0px 0px;\"><div class=\"fusion-text fusion-text-1\"><h1>Base para Reservat\u00f3rios<\/h1>\n<h3>Executamos bases para apoiar seu reservat\u00f3rio met\u00e1lico e todos servi\u00e7os complementares de hidr\u00e1ulica, el\u00e9trica e civil. Sempre respeitando e aplicando as NR\u2019s inerentes a cada servi\u00e7o.<\/h3>\n<h3>Obras civis em geral fazem parte do nosso escopo tamb\u00e9m.<\/h3>\n<\/div><div class=\"fusion-clearfix\"><\/div><\/div><\/div><div class=\"fusion-layout-column fusion_builder_column fusion-builder-column-1 fusion_builder_column_1_2 1_2 fusion-one-half fusion-column-last\" style=\"width:48%;margin-top:0px;margin-bottom:20px;\"><div class=\"fusion-column-wrapper fusion-flex-column-wrapper-legacy\" style=\"background-position:left top;background-repeat:no-repeat;-webkit-background-size:cover;-moz-background-size:cover;-o-background-size:cover;background-size:cover;padding: 0px 0px 0px 0px;\"><div class=\"fusion-text fusion-text-2\"><h1>Galeria de Fotos<\/h1>\n<\/div><div class=\"fusion-text fusion-text-3\">\n\t\t<style type=\"text\/css\">\n\t\t\t#gallery-1 {\n\t\t\t\tmargin: auto;\n\t\t\t}\n\t\t\t#gallery-1 .gallery-item {\n\t\t\t\tfloat: left;\n\t\t\t\tmargin-top: 10px;\n\t\t\t\ttext-align: center;\n\t\t\t\twidth: 33%;\n\t\t\t}\n\t\t\t#gallery-1 img {\n\t\t\t\tborder: 2px solid #cfcfcf;\n\t\t\t}\n\t\t\t#gallery-1 .gallery-caption {\n\t\t\t\tmargin-left: 0;\n\t\t\t}\n\t\t\t\/* see gallery_shortcode() in wp-includes\/media.php *\/\n\t\t<\/style>\n\t\t<div id='gallery-1' class='gallery galleryid-15 gallery-columns-3 gallery-size-thumbnail'><dl class='gallery-item'>\n\t\t\t<dt class='gallery-icon landscape'>\n\t\t\t\t<a data-rel=\"iLightbox[postimages]\" data-title=\"base-para-reservatorio-01\" data-caption=\"\" href='https:\/\/romareservatorios.com.br\/site\/wp-content\/uploads\/2016\/08\/base-para-reservatorio-01.jpg'><img decoding=\"async\" width=\"150\" height=\"150\" src=\"https:\/\/romareservatorios.com.br\/site\/wp-content\/uploads\/2016\/08\/base-para-reservatorio-01-150x150.jpg\" class=\"attachment-thumbnail size-thumbnail lazyload\" alt=\"\" srcset=\"data:image\/svg+xml,%3Csvg%20xmlns%3D%27http%3A%2F%2Fwww.w3.org%2F2000%2Fsvg%27%20width%3D%27900%27%20height%3D%27675%27%20viewBox%3D%270%200%20900%20675%27%3E%3Crect%20width%3D%27900%27%20height%3D%27675%27%20fill-opacity%3D%220%22%2F%3E%3C%2Fsvg%3E\" data-orig-src=\"https:\/\/romareservatorios.com.br\/site\/wp-content\/uploads\/2016\/08\/base-para-reservatorio-01-150x150.jpg\" data-srcset=\"https:\/\/romareservatorios.com.br\/site\/wp-content\/uploads\/2016\/08\/base-para-reservatorio-01-66x66.jpg 66w, https:\/\/romareservatorios.com.br\/site\/wp-content\/uploads\/2016\/08\/base-para-reservatorio-01-150x150.jpg 150w\" data-sizes=\"auto\" \/><\/a>\n\t\t\t<\/dt><\/dl><dl class='gallery-item'>\n\t\t\t<dt class='gallery-icon landscape'>\n\t\t\t\t<a data-rel=\"iLightbox[postimages]\" data-title=\"base-para-reservatorio-02\" data-caption=\"\" href='https:\/\/romareservatorios.com.br\/site\/wp-content\/uploads\/2016\/08\/base-para-reservatorio-02.jpg'><img decoding=\"async\" width=\"150\" height=\"150\" src=\"https:\/\/romareservatorios.com.br\/site\/wp-content\/uploads\/2016\/08\/base-para-reservatorio-02-150x150.jpg\" class=\"attachment-thumbnail size-thumbnail lazyload\" alt=\"\" srcset=\"data:image\/svg+xml,%3Csvg%20xmlns%3D%27http%3A%2F%2Fwww.w3.org%2F2000%2Fsvg%27%20width%3D%27900%27%20height%3D%27675%27%20viewBox%3D%270%200%20900%20675%27%3E%3Crect%20width%3D%27900%27%20height%3D%27675%27%20fill-opacity%3D%220%22%2F%3E%3C%2Fsvg%3E\" data-orig-src=\"https:\/\/romareservatorios.com.br\/site\/wp-content\/uploads\/2016\/08\/base-para-reservatorio-02-150x150.jpg\" data-srcset=\"https:\/\/romareservatorios.com.br\/site\/wp-content\/uploads\/2016\/08\/base-para-reservatorio-02-66x66.jpg 66w, https:\/\/romareservatorios.com.br\/site\/wp-content\/uploads\/2016\/08\/base-para-reservatorio-02-150x150.jpg 150w\" data-sizes=\"auto\" \/><\/a>\n\t\t\t<\/dt><\/dl><dl class='gallery-item'>\n\t\t\t<dt class='gallery-icon landscape'>\n\t\t\t\t<a data-rel=\"iLightbox[postimages]\" data-title=\"base-para-reservatorio-03\" data-caption=\"\" href='https:\/\/romareservatorios.com.br\/site\/wp-content\/uploads\/2016\/08\/base-para-reservatorio-03.jpg'><img decoding=\"async\" width=\"150\" height=\"150\" src=\"https:\/\/romareservatorios.com.br\/site\/wp-content\/uploads\/2016\/08\/base-para-reservatorio-03-150x150.jpg\" class=\"attachment-thumbnail size-thumbnail lazyload\" alt=\"\" srcset=\"data:image\/svg+xml,%3Csvg%20xmlns%3D%27http%3A%2F%2Fwww.w3.org%2F2000%2Fsvg%27%20width%3D%27900%27%20height%3D%27675%27%20viewBox%3D%270%200%20900%20675%27%3E%3Crect%20width%3D%27900%27%20height%3D%27675%27%20fill-opacity%3D%220%22%2F%3E%3C%2Fsvg%3E\" data-orig-src=\"https:\/\/romareservatorios.com.br\/site\/wp-content\/uploads\/2016\/08\/base-para-reservatorio-03-150x150.jpg\" data-srcset=\"https:\/\/romareservatorios.com.br\/site\/wp-content\/uploads\/2016\/08\/base-para-reservatorio-03-66x66.jpg 66w, https:\/\/romareservatorios.com.br\/site\/wp-content\/uploads\/2016\/08\/base-para-reservatorio-03-150x150.jpg 150w\" data-sizes=\"auto\" \/><\/a>\n\t\t\t<\/dt><\/dl><br style=\"clear: both\" \/><dl class='gallery-item'>\n\t\t\t<dt class='gallery-icon landscape'>\n\t\t\t\t<a data-rel=\"iLightbox[postimages]\" data-title=\"base-para-reservatorio-04\" data-caption=\"\" href='https:\/\/romareservatorios.com.br\/site\/wp-content\/uploads\/2016\/08\/base-para-reservatorio-04.jpg'><img decoding=\"async\" width=\"150\" height=\"150\" src=\"https:\/\/romareservatorios.com.br\/site\/wp-content\/uploads\/2016\/08\/base-para-reservatorio-04-150x150.jpg\" class=\"attachment-thumbnail size-thumbnail lazyload\" alt=\"\" srcset=\"data:image\/svg+xml,%3Csvg%20xmlns%3D%27http%3A%2F%2Fwww.w3.org%2F2000%2Fsvg%27%20width%3D%27900%27%20height%3D%27629%27%20viewBox%3D%270%200%20900%20629%27%3E%3Crect%20width%3D%27900%27%20height%3D%27629%27%20fill-opacity%3D%220%22%2F%3E%3C%2Fsvg%3E\" data-orig-src=\"https:\/\/romareservatorios.com.br\/site\/wp-content\/uploads\/2016\/08\/base-para-reservatorio-04-150x150.jpg\" data-srcset=\"https:\/\/romareservatorios.com.br\/site\/wp-content\/uploads\/2016\/08\/base-para-reservatorio-04-66x66.jpg 66w, https:\/\/romareservatorios.com.br\/site\/wp-content\/uploads\/2016\/08\/base-para-reservatorio-04-150x150.jpg 150w\" data-sizes=\"auto\" \/><\/a>\n\t\t\t<\/dt><\/dl><dl class='gallery-item'>\n\t\t\t<dt class='gallery-icon landscape'>\n\t\t\t\t<a data-rel=\"iLightbox[postimages]\" data-title=\"base-para-reservatorio-05\" data-caption=\"\" href='https:\/\/romareservatorios.com.br\/site\/wp-content\/uploads\/2016\/08\/base-para-reservatorio-05.jpg'><img decoding=\"async\" width=\"150\" height=\"150\" src=\"https:\/\/romareservatorios.com.br\/site\/wp-content\/uploads\/2016\/08\/base-para-reservatorio-05-150x150.jpg\" class=\"attachment-thumbnail size-thumbnail lazyload\" alt=\"\" srcset=\"data:image\/svg+xml,%3Csvg%20xmlns%3D%27http%3A%2F%2Fwww.w3.org%2F2000%2Fsvg%27%20width%3D%27900%27%20height%3D%27675%27%20viewBox%3D%270%200%20900%20675%27%3E%3Crect%20width%3D%27900%27%20height%3D%27675%27%20fill-opacity%3D%220%22%2F%3E%3C%2Fsvg%3E\" data-orig-src=\"https:\/\/romareservatorios.com.br\/site\/wp-content\/uploads\/2016\/08\/base-para-reservatorio-05-150x150.jpg\" data-srcset=\"https:\/\/romareservatorios.com.br\/site\/wp-content\/uploads\/2016\/08\/base-para-reservatorio-05-66x66.jpg 66w, https:\/\/romareservatorios.com.br\/site\/wp-content\/uploads\/2016\/08\/base-para-reservatorio-05-150x150.jpg 150w\" data-sizes=\"auto\" \/><\/a>\n\t\t\t<\/dt><\/dl><dl class='gallery-item'>\n\t\t\t<dt class='gallery-icon landscape'>\n\t\t\t\t<a data-rel=\"iLightbox[postimages]\" data-title=\"base-para-reservatorio-06\" data-caption=\"\" href='https:\/\/romareservatorios.com.br\/site\/wp-content\/uploads\/2016\/08\/base-para-reservatorio-06.jpg'><img decoding=\"async\" width=\"150\" height=\"150\" src=\"https:\/\/romareservatorios.com.br\/site\/wp-content\/uploads\/2016\/08\/base-para-reservatorio-06-150x150.jpg\" class=\"attachment-thumbnail size-thumbnail lazyload\" alt=\"\" srcset=\"data:image\/svg+xml,%3Csvg%20xmlns%3D%27http%3A%2F%2Fwww.w3.org%2F2000%2Fsvg%27%20width%3D%27900%27%20height%3D%27675%27%20viewBox%3D%270%200%20900%20675%27%3E%3Crect%20width%3D%27900%27%20height%3D%27675%27%20fill-opacity%3D%220%22%2F%3E%3C%2Fsvg%3E\" data-orig-src=\"https:\/\/romareservatorios.com.br\/site\/wp-content\/uploads\/2016\/08\/base-para-reservatorio-06-150x150.jpg\" data-srcset=\"https:\/\/romareservatorios.com.br\/site\/wp-content\/uploads\/2016\/08\/base-para-reservatorio-06-66x66.jpg 66w, https:\/\/romareservatorios.com.br\/site\/wp-content\/uploads\/2016\/08\/base-para-reservatorio-06-150x150.jpg 150w\" data-sizes=\"auto\" \/><\/a>\n\t\t\t<\/dt><\/dl><br style=\"clear: both\" \/><dl class='gallery-item'>\n\t\t\t<dt class='gallery-icon landscape'>\n\t\t\t\t<a data-rel=\"iLightbox[postimages]\" data-title=\"base-para-reservatorio-07\" data-caption=\"\" href='https:\/\/romareservatorios.com.br\/site\/wp-content\/uploads\/2016\/08\/base-para-reservatorio-07.jpg'><img decoding=\"async\" width=\"150\" height=\"150\" src=\"https:\/\/romareservatorios.com.br\/site\/wp-content\/uploads\/2016\/08\/base-para-reservatorio-07-150x150.jpg\" class=\"attachment-thumbnail size-thumbnail lazyload\" alt=\"\" srcset=\"data:image\/svg+xml,%3Csvg%20xmlns%3D%27http%3A%2F%2Fwww.w3.org%2F2000%2Fsvg%27%20width%3D%27900%27%20height%3D%27466%27%20viewBox%3D%270%200%20900%20466%27%3E%3Crect%20width%3D%27900%27%20height%3D%27466%27%20fill-opacity%3D%220%22%2F%3E%3C%2Fsvg%3E\" data-orig-src=\"https:\/\/romareservatorios.com.br\/site\/wp-content\/uploads\/2016\/08\/base-para-reservatorio-07-150x150.jpg\" data-srcset=\"https:\/\/romareservatorios.com.br\/site\/wp-content\/uploads\/2016\/08\/base-para-reservatorio-07-66x66.jpg 66w, https:\/\/romareservatorios.com.br\/site\/wp-content\/uploads\/2016\/08\/base-para-reservatorio-07-150x150.jpg 150w\" data-sizes=\"auto\" \/><\/a>\n\t\t\t<\/dt><\/dl>\n\t\t\t<br style='clear: both' \/>\n\t\t<\/div>\n\n<\/div><div class=\"fusion-clearfix\"><\/div><\/div><\/div><\/div><style type=\"text\/css\">.fusion-fullwidth.fusion-builder-row-1 { overflow:visible; }<\/style><\/div>\n","protected":false},"excerpt":{"rendered":"","protected":false},"author":3,"featured_media":0,"parent":0,"menu_order":0,"comment_status":"closed","ping_status":"closed","template":"","meta":{"footnotes":""},"class_list":["post-15","page","type-page","status-publish","hentry"],"yoast_head":"<!-- This site is optimized with the Yoast SEO plugin v23.6 - https:\/\/yoast.com\/wordpress\/plugins\/seo\/ -->\n<title>Bases para Reservat\u00f3rios - Roma Reservat\u00f3rios<\/title>\n<meta name=\"robots\" content=\"noindex, follow\" \/>\n<meta property=\"og:locale\" content=\"pt_BR\" \/>\n<meta property=\"og:type\" content=\"article\" \/>\n<meta property=\"og:title\" content=\"Bases para Reservat\u00f3rios - Roma Reservat\u00f3rios\" \/>\n<meta property=\"og:url\" content=\"https:\/\/romareservatorios.com.br\/site\/bases-para-reservatorios\/\" \/>\n<meta property=\"og:site_name\" content=\"Roma Reservat\u00f3rios\" \/>\n<meta property=\"article:modified_time\" content=\"2019-07-25T12:11:53+00:00\" \/>\n<meta name=\"twitter:card\" content=\"summary_large_image\" \/>\n<meta name=\"twitter:label1\" content=\"Est. tempo de leitura\" \/>\n\t<meta name=\"twitter:data1\" content=\"1 minuto\" \/>\n<script type=\"application\/ld+json\" class=\"yoast-schema-graph\">{\"@context\":\"https:\/\/schema.org\",\"@graph\":[{\"@type\":\"WebPage\",\"@id\":\"https:\/\/romareservatorios.com.br\/site\/bases-para-reservatorios\/\",\"url\":\"https:\/\/romareservatorios.com.br\/site\/bases-para-reservatorios\/\",\"name\":\"Bases para Reservat\u00f3rios - Roma Reservat\u00f3rios\",\"isPartOf\":{\"@id\":\"https:\/\/romareservatorios.com.br\/site\/#website\"},\"datePublished\":\"2016-08-17T15:39:41+00:00\",\"dateModified\":\"2019-07-25T12:11:53+00:00\",\"breadcrumb\":{\"@id\":\"https:\/\/romareservatorios.com.br\/site\/bases-para-reservatorios\/#breadcrumb\"},\"inLanguage\":\"pt-BR\",\"potentialAction\":[{\"@type\":\"ReadAction\",\"target\":[\"https:\/\/romareservatorios.com.br\/site\/bases-para-reservatorios\/\"]}]},{\"@type\":\"BreadcrumbList\",\"@id\":\"https:\/\/romareservatorios.com.br\/site\/bases-para-reservatorios\/#breadcrumb\",\"itemListElement\":[{\"@type\":\"ListItem\",\"position\":1,\"name\":\"In\u00edcio\",\"item\":\"https:\/\/romareservatorios.com.br\/site\/\"},{\"@type\":\"ListItem\",\"position\":2,\"name\":\"Bases para Reservat\u00f3rios\"}]},{\"@type\":\"WebSite\",\"@id\":\"https:\/\/romareservatorios.com.br\/site\/#website\",\"url\":\"https:\/\/romareservatorios.com.br\/site\/\",\"name\":\"Roma Reservat\u00f3rios\",\"description\":\"Roma Reservat\u00f3rios em Ta\u00e7a, Tubulares, Apoiado, Base para Reservat\u00f3rios\",\"potentialAction\":[{\"@type\":\"SearchAction\",\"target\":{\"@type\":\"EntryPoint\",\"urlTemplate\":\"https:\/\/romareservatorios.com.br\/site\/?s={search_term_string}\"},\"query-input\":{\"@type\":\"PropertyValueSpecification\",\"valueRequired\":true,\"valueName\":\"search_term_string\"}}],\"inLanguage\":\"pt-BR\"}]}<\/script>\n<!-- \/ Yoast SEO plugin. -->","yoast_head_json":{"title":"Bases para Reservat\u00f3rios - Roma Reservat\u00f3rios","robots":{"index":"noindex","follow":"follow"},"og_locale":"pt_BR","og_type":"article","og_title":"Bases para Reservat\u00f3rios - Roma Reservat\u00f3rios","og_url":"https:\/\/romareservatorios.com.br\/site\/bases-para-reservatorios\/","og_site_name":"Roma Reservat\u00f3rios","article_modified_time":"2019-07-25T12:11:53+00:00","twitter_card":"summary_large_image","twitter_misc":{"Est. tempo de leitura":"1 minuto"},"schema":{"@context":"https:\/\/schema.org","@graph":[{"@type":"WebPage","@id":"https:\/\/romareservatorios.com.br\/site\/bases-para-reservatorios\/","url":"https:\/\/romareservatorios.com.br\/site\/bases-para-reservatorios\/","name":"Bases para Reservat\u00f3rios - Roma Reservat\u00f3rios","isPartOf":{"@id":"https:\/\/romareservatorios.com.br\/site\/#website"},"datePublished":"2016-08-17T15:39:41+00:00","dateModified":"2019-07-25T12:11:53+00:00","breadcrumb":{"@id":"https:\/\/romareservatorios.com.br\/site\/bases-para-reservatorios\/#breadcrumb"},"inLanguage":"pt-BR","potentialAction":[{"@type":"ReadAction","target":["https:\/\/romareservatorios.com.br\/site\/bases-para-reservatorios\/"]}]},{"@type":"BreadcrumbList","@id":"https:\/\/romareservatorios.com.br\/site\/bases-para-reservatorios\/#breadcrumb","itemListElement":[{"@type":"ListItem","position":1,"name":"In\u00edcio","item":"https:\/\/romareservatorios.com.br\/site\/"},{"@type":"ListItem","position":2,"name":"Bases para Reservat\u00f3rios"}]},{"@type":"WebSite","@id":"https:\/\/romareservatorios.com.br\/site\/#website","url":"https:\/\/romareservatorios.com.br\/site\/","name":"Roma Reservat\u00f3rios","description":"Roma Reservat\u00f3rios em Ta\u00e7a, Tubulares, Apoiado, Base para Reservat\u00f3rios","potentialAction":[{"@type":"SearchAction","target":{"@type":"EntryPoint","urlTemplate":"https:\/\/romareservatorios.com.br\/site\/?s={search_term_string}"},"query-input":{"@type":"PropertyValueSpecification","valueRequired":true,"valueName":"search_term_string"}}],"inLanguage":"pt-BR"}]}},"_links":{"self":[{"href":"https:\/\/romareservatorios.com.br\/site\/wp-json\/wp\/v2\/pages\/15"}],"collection":[{"href":"https:\/\/romareservatorios.com.br\/site\/wp-json\/wp\/v2\/pages"}],"about":[{"href":"https:\/\/romareservatorios.com.br\/site\/wp-json\/wp\/v2\/types\/page"}],"author":[{"embeddable":true,"href":"https:\/\/romareservatorios.com.br\/site\/wp-json\/wp\/v2\/users\/3"}],"replies":[{"embeddable":true,"href":"https:\/\/romareservatorios.com.br\/site\/wp-json\/wp\/v2\/comments?post=15"}],"version-history":[{"count":11,"href":"https:\/\/romareservatorios.com.br\/site\/wp-json\/wp\/v2\/pages\/15\/revisions"}],"predecessor-version":[{"id":220,"href":"https:\/\/romareservatorios.com.br\/site\/wp-json\/wp\/v2\/pages\/15\/revisions\/220"}],"wp:attachment":[{"href":"https:\/\/romareservatorios.com.br\/site\/wp-json\/wp\/v2\/media?parent=15"}],"curies":[{"name":"wp","href":"https:\/\/api.w.org\/{rel}","templated":true}]}}